{"id":6815,"date":"2023-03-09T10:20:56","date_gmt":"2023-03-09T09:20:56","guid":{"rendered":"https:\/\/wonderoute.com\/politique-de-confidentialite\/"},"modified":"2024-02-23T10:26:04","modified_gmt":"2024-02-23T09:26:04","slug":"politique-de-confidentialite","status":"publish","type":"page","link":"https:\/\/wonderoute.com\/fr\/politique-de-confidentialite\/","title":{"rendered":"Politique de confidentialit\u00e9"},"content":{"rendered":"\t\t<div data-elementor-type=\"wp-page\" data-elementor-id=\"6815\" class=\"elementor elementor-6815 elementor-1462\" data-elementor-post-type=\"page\">\n\t\t\t\t<div class=\"elementor-element elementor-element-043150f e-flex e-con-boxed e-con e-parent\" data-id=\"043150f\" data-element_type=\"container\" data-e-type=\"container\">\n\t\t\t\t\t<div class=\"e-con-inner\">\n\t\t\t\t<div class=\"elementor-element elementor-element-12affa2 elementor-widget elementor-widget-heading\" data-id=\"12affa2\" data-element_type=\"widget\" data-e-type=\"widget\" data-widget_type=\"heading.default\">\n\t\t\t\t<div class=\"elementor-widget-container\">\n\t\t\t\t\t<h2 class=\"elementor-heading-title elementor-size-default\">Politique de confidentialit\u00e9<\/h2>\t\t\t\t<\/div>\n\t\t\t\t<\/div>\n\t\t\t\t\t<\/div>\n\t\t\t\t<\/div>\n\t\t<div class=\"elementor-element elementor-element-dd7758e e-flex e-con-boxed e-con e-parent\" data-id=\"dd7758e\" data-element_type=\"container\" data-e-type=\"container\">\n\t\t\t\t\t<div class=\"e-con-inner\">\n\t\t\t\t<div class=\"elementor-element elementor-element-c7df7a2 elementor-widget elementor-widget-text-editor\" data-id=\"c7df7a2\" data-element_type=\"widget\" data-e-type=\"widget\" data-widget_type=\"text-editor.default\">\n\t\t\t\t<div class=\"elementor-widget-container\">\n\t\t\t\t\t\t\t\t\t<p><strong>ARTICLE 1 \u2013 Donn\u00e9es personnelles<\/strong><\/p>\n<p>Le Client est inform\u00e9 que la collecte de ses donn\u00e9es \u00e0 caract\u00e8re personnel est n\u00e9cessaire \u00e0 la vente des Produits par le Vendeur ainsi qu\u2019\u00e0 leur transmission \u00e0 des tiers \u00e0 des fins de livraison des Produits. Ces donn\u00e9es \u00e0 caract\u00e8re personnel sont r\u00e9colt\u00e9es uniquement pour l\u2019ex\u00e9cution du contrat de vente.<\/p>\n<p><strong>1.1 Collecte des donn\u00e9es \u00e0 caract\u00e8re personnel<\/strong><\/p>\n<p>Les donn\u00e9es \u00e0 caract\u00e8re personnel qui sont collect\u00e9es sur le site www.wonderoute.com sont les suivantes :<\/p>\n<p><strong>Ouverture de compte<\/strong><\/p>\n<p>Lors de la cr\u00e9ation du compte Client \/ utilisateur :<\/p>\n<p>Noms, pr\u00e9noms, adresse postale, num\u00e9ro de t\u00e9l\u00e9phone et adresse e-mail.<\/p>\n<p><strong>Paiement<\/strong><\/p>\n<p>Dans le cadre du paiement des Produits propos\u00e9s sur le site www.wonderoute.com, celui-ci enregistre des donn\u00e9es financi\u00e8res relatives au compte bancaire ou \u00e0 la carte de cr\u00e9dit du Client \/ utilisateur.<\/p>\n<p><strong>1.2 Destinataires des donn\u00e9es \u00e0 caract\u00e8re personnel<\/strong><\/p>\n<p>Les donn\u00e9es \u00e0 caract\u00e8re personnel sont utilis\u00e9es par le Vendeur et ses co-contractants pour l\u2019ex\u00e9cution du contrat et pour assurer l\u2019efficacit\u00e9 de la prestation de vente et de d\u00e9livrance des Produits.<\/p>\n<p>La ou les cat\u00e9gorie(s) de co-contractant(s) est (sont) :<\/p>\n<ul>\n<li>Les prestataires de transport<\/li>\n<li>Les prestataires \u00e9tablissements de paiement<\/li>\n<\/ul>\n<p><strong>1.3 Responsable de traitement<\/strong><\/p>\n<p>Le responsable de traitement des donn\u00e9es est le Vendeur, au sens de la loi Informatique et libert\u00e9s et \u00e0 compter du 25 mai 2018 du R\u00e8glement 2016\/679 sur la protection des donn\u00e9es \u00e0 caract\u00e8re personnel.<\/p>\n<p><strong>1.4 limitation du traitement<\/strong><\/p>\n<p>Sauf si le Client exprime son accord expr\u00e8s, ses donn\u00e9es \u00e0 caract\u00e8re personnelles ne sont pas utilis\u00e9es \u00e0 des fins publicitaires ou marketing.<\/p>\n<p><strong>1.5 Dur\u00e9e de conservation des donn\u00e9es<\/strong><\/p>\n<p>Le Vendeur conservera les donn\u00e9es ainsi recueillies pendant un d\u00e9lai de 5 ans, couvrant le temps de la prescription de la responsabilit\u00e9 civile contractuelle applicable.<\/p>\n<p><strong>1.6 S\u00e9curit\u00e9 et confidentialit\u00e9<\/strong><\/p>\n<p>Le Vendeur met en \u0153uvre des mesures organisationnelles, techniques, logicielles et physiques en mati\u00e8re de s\u00e9curit\u00e9 du num\u00e9rique pour prot\u00e9ger les donn\u00e9es personnelles contre les alt\u00e9rations, destructions et acc\u00e8s non autoris\u00e9s. Toutefois il est \u00e0 signaler qu\u2019Internet n\u2019est pas un environnement compl\u00e8tement s\u00e9curis\u00e9 et le Vendeur ne peut garantir la s\u00e9curit\u00e9 de la transmission ou du stockage des informations sur Internet.<\/p>\n<p><strong>1.7 Mise en \u0153uvre des droits des Clients et utilisateurs<\/strong><\/p>\n<p>En application de la r\u00e8glementation applicable aux donn\u00e9es \u00e0 caract\u00e8re personnel, les Clients et utilisateurs du site www.wonderoute.com disposent des droits suivants :<\/p>\n<ul>\n<li>Ils peuvent mettre \u00e0 jour ou supprimer les donn\u00e9es.<\/li>\n<li>Ils peuvent supprimer leur compte en \u00e9crivant \u00e0 l\u2019adresse \u00e9lectronique indiqu\u00e9 \u00e0 l\u2019article 9.3 \u00ab Responsable de traitement \u00bb<\/li>\n<li>Ils peuvent exercer leur droit d\u2019acc\u00e8s pour conna\u00eetre les donn\u00e9es personnelles les concernant en \u00e9crivant \u00e0 l\u2019adresse indiqu\u00e9 \u00e0 l\u2019article 9.3 \u00ab Responsable de traitement \u00bb<\/li>\n<li>Si les donn\u00e9es \u00e0 caract\u00e8re personnel d\u00e9tenues par le Vendeur sont inexactes, ils peuvent demander la mise \u00e0 jour des informations des informations en \u00e9crivant \u00e0 l\u2019adresse indiqu\u00e9 \u00e0 l\u2019article 9.3 \u00ab Responsable de traitement \u00bb<\/li>\n<li>Ils peuvent demander la suppression de leurs donn\u00e9es \u00e0 caract\u00e8re personnel, conform\u00e9ment aux lois applicables en mati\u00e8re de protection des donn\u00e9es en \u00e9crivant \u00e0 l\u2019adresse indiqu\u00e9 \u00e0 l\u2019article 9.3 \u00ab Responsable de traitement \u00bb<\/li>\n<li>Ils peuvent \u00e9galement solliciter la portabilit\u00e9 des donn\u00e9es d\u00e9tenues par le Vendeur vers un autre prestataire<\/li>\n<li>Enfin, ils peuvent s\u2019opposer au traitement de leurs donn\u00e9es par le Vendeur<\/li>\n<\/ul>\n<p>Ces droits, d\u00e8s lors qu\u2019ils ne s\u2019opposent pas \u00e0 la finalit\u00e9 du traitement, peuvent \u00eatre exerc\u00e9 en adressant une demande par courrier ou par E-mail au Responsable de traitement dont les coordonn\u00e9es sont indiqu\u00e9es ci-dessus.<\/p>\n<p>Le responsable de traitement doit apporter une r\u00e9ponse dans un d\u00e9lai maximum d\u2019un mois.<\/p>\n<p>En cas de refus de faire droit \u00e0 la demande du Client, celui-ci doit \u00eatre motiv\u00e9.<\/p>\n<p>Le Client est inform\u00e9 qu\u2019en cas de refus, il peut introduire une r\u00e9clamation aupr\u00e8s de la CNIL (3 place de Fontenoy, 75007 PARIS) ou saisir une autorit\u00e9 judiciaire.<\/p>\n<p>Le Client peut \u00eatre invit\u00e9 \u00e0 cocher une case au titre de laquelle il accepte de recevoir des mails \u00e0 caract\u00e8re informatifs et publicitaires de la part du Vendeur. Il aura toujours la possibilit\u00e9 de retirer son accord \u00e0 tout moment en contactant le Vendeur (coordonn\u00e9es ci-dessus) ou en suivant le lien de d\u00e9sabonnement.<\/p>\n\t\t\t\t\t\t\t\t<\/div>\n\t\t\t\t<\/div>\n\t\t\t\t\t<\/div>\n\t\t\t\t<\/div>\n\t\t\t\t<\/div>\n\t\t","protected":false},"excerpt":{"rendered":"<p>Politique de confidentialit\u00e9 ARTICLE 1 \u2013 Donn\u00e9es personnelles Le Client est inform\u00e9 que la collecte de ses donn\u00e9es \u00e0 caract\u00e8re personnel est n\u00e9cessaire \u00e0 la vente des Produits par le Vendeur ainsi qu\u2019\u00e0 leur transmission \u00e0 des tiers \u00e0 des fins de livraison des Produits. Ces donn\u00e9es \u00e0 caract\u00e8re personnel sont r\u00e9colt\u00e9es uniquement pour l\u2019ex\u00e9cution [&hellip;]<\/p>\n","protected":false},"author":1,"featured_media":0,"parent":0,"menu_order":0,"comment_status":"closed","ping_status":"closed","template":"","meta":{"footnotes":""},"class_list":["post-6815","page","type-page","status-publish","hentry"],"blocksy_meta":[],"yoast_head":"<!-- This site is optimized with the Yoast SEO plugin v27.5 - https:\/\/yoast.com\/product\/yoast-seo-wordpress\/ -->\n<title>Politique de confidentialit\u00e9 - Wonderoute<\/title>\n<meta name=\"robots\" content=\"index, follow, max-snippet:-1, max-image-preview:large, max-video-preview:-1\" \/>\n<link rel=\"canonical\" href=\"https:\/\/wonderoute.com\/fr\/politique-de-confidentialite\/\" \/>\n<meta property=\"og:locale\" content=\"fr_FR\" \/>\n<meta property=\"og:type\" content=\"article\" \/>\n<meta property=\"og:title\" content=\"Politique de confidentialit\u00e9 - Wonderoute\" \/>\n<meta property=\"og:description\" content=\"Politique de confidentialit\u00e9 ARTICLE 1 \u2013 Donn\u00e9es personnelles Le Client est inform\u00e9 que la collecte de ses donn\u00e9es \u00e0 caract\u00e8re personnel est n\u00e9cessaire \u00e0 la vente des Produits par le Vendeur ainsi qu\u2019\u00e0 leur transmission \u00e0 des tiers \u00e0 des fins de livraison des Produits. Ces donn\u00e9es \u00e0 caract\u00e8re personnel sont r\u00e9colt\u00e9es uniquement pour l\u2019ex\u00e9cution [&hellip;]\" \/>\n<meta property=\"og:url\" content=\"https:\/\/wonderoute.com\/fr\/politique-de-confidentialite\/\" \/>\n<meta property=\"og:site_name\" content=\"Wonderoute\" \/>\n<meta property=\"article:modified_time\" content=\"2024-02-23T09:26:04+00:00\" \/>\n<meta name=\"twitter:card\" content=\"summary_large_image\" \/>\n<meta name=\"twitter:label1\" content=\"Dur\u00e9e de lecture estim\u00e9e\" \/>\n\t<meta name=\"twitter:data1\" content=\"4 minutes\" \/>\n<script type=\"application\/ld+json\" class=\"yoast-schema-graph\">{\"@context\":\"https:\\\/\\\/schema.org\",\"@graph\":[{\"@type\":\"WebPage\",\"@id\":\"https:\\\/\\\/wonderoute.com\\\/fr\\\/politique-de-confidentialite\\\/\",\"url\":\"https:\\\/\\\/wonderoute.com\\\/fr\\\/politique-de-confidentialite\\\/\",\"name\":\"Politique de confidentialit\u00e9 - Wonderoute\",\"isPartOf\":{\"@id\":\"https:\\\/\\\/wonderoute.com\\\/fr\\\/#website\"},\"datePublished\":\"2023-03-09T09:20:56+00:00\",\"dateModified\":\"2024-02-23T09:26:04+00:00\",\"breadcrumb\":{\"@id\":\"https:\\\/\\\/wonderoute.com\\\/fr\\\/politique-de-confidentialite\\\/#breadcrumb\"},\"inLanguage\":\"fr-FR\",\"potentialAction\":[{\"@type\":\"ReadAction\",\"target\":[\"https:\\\/\\\/wonderoute.com\\\/fr\\\/politique-de-confidentialite\\\/\"]}]},{\"@type\":\"BreadcrumbList\",\"@id\":\"https:\\\/\\\/wonderoute.com\\\/fr\\\/politique-de-confidentialite\\\/#breadcrumb\",\"itemListElement\":[{\"@type\":\"ListItem\",\"position\":1,\"name\":\"Home\",\"item\":\"https:\\\/\\\/wonderoute.com\\\/fr\\\/\"},{\"@type\":\"ListItem\",\"position\":2,\"name\":\"Politique de confidentialit\u00e9\"}]},{\"@type\":\"WebSite\",\"@id\":\"https:\\\/\\\/wonderoute.com\\\/fr\\\/#website\",\"url\":\"https:\\\/\\\/wonderoute.com\\\/fr\\\/\",\"name\":\"Wonderoute\",\"description\":\"Jouez, explorez et d\u00e9couvrez les merveilles de Paris.\",\"publisher\":{\"@id\":\"https:\\\/\\\/wonderoute.com\\\/fr\\\/#organization\"},\"potentialAction\":[{\"@type\":\"SearchAction\",\"target\":{\"@type\":\"EntryPoint\",\"urlTemplate\":\"https:\\\/\\\/wonderoute.com\\\/fr\\\/?s={search_term_string}\"},\"query-input\":{\"@type\":\"PropertyValueSpecification\",\"valueRequired\":true,\"valueName\":\"search_term_string\"}}],\"inLanguage\":\"fr-FR\"},{\"@type\":\"Organization\",\"@id\":\"https:\\\/\\\/wonderoute.com\\\/fr\\\/#organization\",\"name\":\"Wonderoute\",\"url\":\"https:\\\/\\\/wonderoute.com\\\/fr\\\/\",\"logo\":{\"@type\":\"ImageObject\",\"inLanguage\":\"fr-FR\",\"@id\":\"https:\\\/\\\/wonderoute.com\\\/fr\\\/#\\\/schema\\\/logo\\\/image\\\/\",\"url\":\"https:\\\/\\\/wonderoute.com\\\/wp-content\\\/uploads\\\/2023\\\/06\\\/WonderWise_zwart-1.png\",\"contentUrl\":\"https:\\\/\\\/wonderoute.com\\\/wp-content\\\/uploads\\\/2023\\\/06\\\/WonderWise_zwart-1.png\",\"width\":1770,\"height\":1690,\"caption\":\"Wonderoute\"},\"image\":{\"@id\":\"https:\\\/\\\/wonderoute.com\\\/fr\\\/#\\\/schema\\\/logo\\\/image\\\/\"}}]}<\/script>\n<!-- \/ Yoast SEO plugin. -->","yoast_head_json":{"title":"Politique de confidentialit\u00e9 - Wonderoute","robots":{"index":"index","follow":"follow","max-snippet":"max-snippet:-1","max-image-preview":"max-image-preview:large","max-video-preview":"max-video-preview:-1"},"canonical":"https:\/\/wonderoute.com\/fr\/politique-de-confidentialite\/","og_locale":"fr_FR","og_type":"article","og_title":"Politique de confidentialit\u00e9 - Wonderoute","og_description":"Politique de confidentialit\u00e9 ARTICLE 1 \u2013 Donn\u00e9es personnelles Le Client est inform\u00e9 que la collecte de ses donn\u00e9es \u00e0 caract\u00e8re personnel est n\u00e9cessaire \u00e0 la vente des Produits par le Vendeur ainsi qu\u2019\u00e0 leur transmission \u00e0 des tiers \u00e0 des fins de livraison des Produits. Ces donn\u00e9es \u00e0 caract\u00e8re personnel sont r\u00e9colt\u00e9es uniquement pour l\u2019ex\u00e9cution [&hellip;]","og_url":"https:\/\/wonderoute.com\/fr\/politique-de-confidentialite\/","og_site_name":"Wonderoute","article_modified_time":"2024-02-23T09:26:04+00:00","twitter_card":"summary_large_image","twitter_misc":{"Dur\u00e9e de lecture estim\u00e9e":"4 minutes"},"schema":{"@context":"https:\/\/schema.org","@graph":[{"@type":"WebPage","@id":"https:\/\/wonderoute.com\/fr\/politique-de-confidentialite\/","url":"https:\/\/wonderoute.com\/fr\/politique-de-confidentialite\/","name":"Politique de confidentialit\u00e9 - Wonderoute","isPartOf":{"@id":"https:\/\/wonderoute.com\/fr\/#website"},"datePublished":"2023-03-09T09:20:56+00:00","dateModified":"2024-02-23T09:26:04+00:00","breadcrumb":{"@id":"https:\/\/wonderoute.com\/fr\/politique-de-confidentialite\/#breadcrumb"},"inLanguage":"fr-FR","potentialAction":[{"@type":"ReadAction","target":["https:\/\/wonderoute.com\/fr\/politique-de-confidentialite\/"]}]},{"@type":"BreadcrumbList","@id":"https:\/\/wonderoute.com\/fr\/politique-de-confidentialite\/#breadcrumb","itemListElement":[{"@type":"ListItem","position":1,"name":"Home","item":"https:\/\/wonderoute.com\/fr\/"},{"@type":"ListItem","position":2,"name":"Politique de confidentialit\u00e9"}]},{"@type":"WebSite","@id":"https:\/\/wonderoute.com\/fr\/#website","url":"https:\/\/wonderoute.com\/fr\/","name":"Wonderoute","description":"Jouez, explorez et d\u00e9couvrez les merveilles de Paris.","publisher":{"@id":"https:\/\/wonderoute.com\/fr\/#organization"},"potentialAction":[{"@type":"SearchAction","target":{"@type":"EntryPoint","urlTemplate":"https:\/\/wonderoute.com\/fr\/?s={search_term_string}"},"query-input":{"@type":"PropertyValueSpecification","valueRequired":true,"valueName":"search_term_string"}}],"inLanguage":"fr-FR"},{"@type":"Organization","@id":"https:\/\/wonderoute.com\/fr\/#organization","name":"Wonderoute","url":"https:\/\/wonderoute.com\/fr\/","logo":{"@type":"ImageObject","inLanguage":"fr-FR","@id":"https:\/\/wonderoute.com\/fr\/#\/schema\/logo\/image\/","url":"https:\/\/wonderoute.com\/wp-content\/uploads\/2023\/06\/WonderWise_zwart-1.png","contentUrl":"https:\/\/wonderoute.com\/wp-content\/uploads\/2023\/06\/WonderWise_zwart-1.png","width":1770,"height":1690,"caption":"Wonderoute"},"image":{"@id":"https:\/\/wonderoute.com\/fr\/#\/schema\/logo\/image\/"}}]}},"_links":{"self":[{"href":"https:\/\/wonderoute.com\/fr\/wp-json\/wp\/v2\/pages\/6815","targetHints":{"allow":["GET"]}}],"collection":[{"href":"https:\/\/wonderoute.com\/fr\/wp-json\/wp\/v2\/pages"}],"about":[{"href":"https:\/\/wonderoute.com\/fr\/wp-json\/wp\/v2\/types\/page"}],"author":[{"embeddable":true,"href":"https:\/\/wonderoute.com\/fr\/wp-json\/wp\/v2\/users\/1"}],"replies":[{"embeddable":true,"href":"https:\/\/wonderoute.com\/fr\/wp-json\/wp\/v2\/comments?post=6815"}],"version-history":[{"count":0,"href":"https:\/\/wonderoute.com\/fr\/wp-json\/wp\/v2\/pages\/6815\/revisions"}],"wp:attachment":[{"href":"https:\/\/wonderoute.com\/fr\/wp-json\/wp\/v2\/media?parent=6815"}],"curies":[{"name":"wp","href":"https:\/\/api.w.org\/{rel}","templated":true}]}}