{"id":6886,"date":"2024-02-27T12:10:14","date_gmt":"2024-02-27T11:10:14","guid":{"rendered":"https:\/\/wonderoute.com\/homepage-test-site\/"},"modified":"2024-11-20T10:13:32","modified_gmt":"2024-11-20T09:13:32","slug":"decouvrez-paris","status":"publish","type":"page","link":"https:\/\/wonderoute.com\/fr\/","title":{"rendered":"(Re)d\u00e9couvrir Paris"},"content":{"rendered":"\t\t<div data-elementor-type=\"wp-page\" data-elementor-id=\"6886\" class=\"elementor elementor-6886 elementor-6856\" data-elementor-post-type=\"page\">\n\t\t\t\t<div class=\"elementor-element elementor-element-68956af e-flex e-con-boxed e-con e-parent\" data-id=\"68956af\" data-element_type=\"container\" data-e-type=\"container\">\n\t\t\t\t\t<div class=\"e-con-inner\">\n\t\t<div class=\"elementor-element elementor-element-b32ca5d e-con-full e-flex e-con e-child\" data-id=\"b32ca5d\" data-element_type=\"container\" data-e-type=\"container\">\n\t\t\t\t<div class=\"elementor-element elementor-element-9945e08 elementor-widget elementor-widget-heading\" data-id=\"9945e08\" data-element_type=\"widget\" data-e-type=\"widget\" data-widget_type=\"heading.default\">\n\t\t\t\t<div class=\"elementor-widget-container\">\n\t\t\t\t\t<h2 class=\"elementor-heading-title elementor-size-default\"><a href=\"https:\/\/wonderoute.com\/fr\/accueil-jeu-de-piste\/\">JEU DE PISTE (AUTONOME)<\/a><\/h2>\t\t\t\t<\/div>\n\t\t\t\t<\/div>\n\t\t\t\t<div class=\"elementor-element elementor-element-ddc3c0c elementor-widget elementor-widget-text-editor\" data-id=\"ddc3c0c\" data-element_type=\"widget\" data-e-type=\"widget\" data-widget_type=\"text-editor.default\">\n\t\t\t\t<div class=\"elementor-widget-container\">\n\t\t\t\t\t\t\t\t\t<p>DISPONIBLE EN FRAN\u00c7AIS, ANGLAIS &amp; N\u00c9ERLANDAIS<\/p>\n\t\t\t\t\t\t\t\t<\/div>\n\t\t\t\t<\/div>\n\t\t\t\t<div class=\"elementor-element elementor-element-e8935d7 elementor-widget elementor-widget-image\" data-id=\"e8935d7\" data-element_type=\"widget\" data-e-type=\"widget\" data-widget_type=\"image.default\">\n\t\t\t\t<div class=\"elementor-widget-container\">\n\t\t\t\t\t\t\t\t\t\t\t\t\t\t\t\t<a href=\"https:\/\/wonderoute.com\/fr\/accueil-jeu-de-piste\/\">\n\t\t\t\t\t\t\t<img fetchpriority=\"high\" decoding=\"async\" width=\"796\" height=\"840\" src=\"https:\/\/wonderoute.com\/wp-content\/uploads\/2024\/02\/Home_H9A1479.jpg\" class=\"attachment-large size-large wp-image-6871\" alt=\"\" srcset=\"https:\/\/wonderoute.com\/wp-content\/uploads\/2024\/02\/Home_H9A1479.jpg 796w, https:\/\/wonderoute.com\/wp-content\/uploads\/2024\/02\/Home_H9A1479-284x300.jpg 284w, https:\/\/wonderoute.com\/wp-content\/uploads\/2024\/02\/Home_H9A1479-768x810.jpg 768w, https:\/\/wonderoute.com\/wp-content\/uploads\/2024\/02\/Home_H9A1479-600x633.jpg 600w\" sizes=\"(max-width: 796px) 100vw, 796px\" \/>\t\t\t\t\t\t\t\t<\/a>\n\t\t\t\t\t\t\t\t\t\t\t\t\t\t\t<\/div>\n\t\t\t\t<\/div>\n\t\t\t\t<div class=\"elementor-element elementor-element-f2e8983 elementor-align-center elementor-widget__width-inherit elementor-widget elementor-widget-button\" data-id=\"f2e8983\" data-element_type=\"widget\" data-e-type=\"widget\" data-widget_type=\"button.default\">\n\t\t\t\t<div class=\"elementor-widget-container\">\n\t\t\t\t\t\t\t\t\t<div class=\"elementor-button-wrapper\">\n\t\t\t\t\t<a class=\"elementor-button elementor-button-link elementor-size-sm\" href=\"https:\/\/wonderoute.com\/fr\/accueil-jeu-de-piste\/\">\n\t\t\t\t\t\t<span class=\"elementor-button-content-wrapper\">\n\t\t\t\t\t\t\t\t\t<span class=\"elementor-button-text\">CLIQUEZ ICI<\/span>\n\t\t\t\t\t<\/span>\n\t\t\t\t\t<\/a>\n\t\t\t\t<\/div>\n\t\t\t\t\t\t\t\t<\/div>\n\t\t\t\t<\/div>\n\t\t\t\t<\/div>\n\t\t<div class=\"elementor-element elementor-element-39e38bc e-con-full e-flex e-con e-child\" data-id=\"39e38bc\" data-element_type=\"container\" data-e-type=\"container\">\n\t\t\t\t<div class=\"elementor-element elementor-element-07b5086 elementor-widget elementor-widget-heading\" data-id=\"07b5086\" data-element_type=\"widget\" data-e-type=\"widget\" data-widget_type=\"heading.default\">\n\t\t\t\t<div class=\"elementor-widget-container\">\n\t\t\t\t\t<h2 class=\"elementor-heading-title elementor-size-default\"><a href=\"https:\/\/wonderoute.com\/nl\/tours-home\/\">VISITES GUID\u00c9ES<\/a><\/h2>\t\t\t\t<\/div>\n\t\t\t\t<\/div>\n\t\t\t\t<div class=\"elementor-element elementor-element-5f0b0ae elementor-widget elementor-widget-text-editor\" data-id=\"5f0b0ae\" data-element_type=\"widget\" data-e-type=\"widget\" data-widget_type=\"text-editor.default\">\n\t\t\t\t<div class=\"elementor-widget-container\">\n\t\t\t\t\t\t\t\t\t<p>UNIQUEMENT EN N\u00c9ERLANDAIS ET EN ANGLAIS<\/p>\n\t\t\t\t\t\t\t\t<\/div>\n\t\t\t\t<\/div>\n\t\t\t\t<div class=\"elementor-element elementor-element-dc72375 elementor-widget elementor-widget-image\" data-id=\"dc72375\" data-element_type=\"widget\" data-e-type=\"widget\" data-widget_type=\"image.default\">\n\t\t\t\t<div class=\"elementor-widget-container\">\n\t\t\t\t\t\t\t\t\t\t\t\t\t\t\t\t<a href=\"https:\/\/wonderoute.com\/nl\/tours-home\/\">\n\t\t\t\t\t\t\t<img decoding=\"async\" width=\"796\" height=\"840\" src=\"https:\/\/wonderoute.com\/wp-content\/uploads\/2024\/02\/Home_Eiffel-toren-kopie.jpg\" class=\"attachment-full size-full wp-image-6874\" alt=\"\" srcset=\"https:\/\/wonderoute.com\/wp-content\/uploads\/2024\/02\/Home_Eiffel-toren-kopie.jpg 796w, https:\/\/wonderoute.com\/wp-content\/uploads\/2024\/02\/Home_Eiffel-toren-kopie-284x300.jpg 284w, https:\/\/wonderoute.com\/wp-content\/uploads\/2024\/02\/Home_Eiffel-toren-kopie-768x810.jpg 768w, https:\/\/wonderoute.com\/wp-content\/uploads\/2024\/02\/Home_Eiffel-toren-kopie-600x633.jpg 600w\" sizes=\"(max-width: 796px) 100vw, 796px\" \/>\t\t\t\t\t\t\t\t<\/a>\n\t\t\t\t\t\t\t\t\t\t\t\t\t\t\t<\/div>\n\t\t\t\t<\/div>\n\t\t\t\t<div class=\"elementor-element elementor-element-4452831 elementor-align-center elementor-widget elementor-widget-button\" data-id=\"4452831\" data-element_type=\"widget\" data-e-type=\"widget\" data-widget_type=\"button.default\">\n\t\t\t\t<div class=\"elementor-widget-container\">\n\t\t\t\t\t\t\t\t\t<div class=\"elementor-button-wrapper\">\n\t\t\t\t\t<a class=\"elementor-button elementor-button-link elementor-size-sm\" href=\"https:\/\/wonderoute.com\/nl\/tours-home\/\">\n\t\t\t\t\t\t<span class=\"elementor-button-content-wrapper\">\n\t\t\t\t\t\t\t\t\t<span class=\"elementor-button-text\">CLIQUEZ ICI<\/span>\n\t\t\t\t\t<\/span>\n\t\t\t\t\t<\/a>\n\t\t\t\t<\/div>\n\t\t\t\t\t\t\t\t<\/div>\n\t\t\t\t<\/div>\n\t\t\t\t<\/div>\n\t\t\t\t\t<\/div>\n\t\t\t\t<\/div>\n\t\t\t\t<\/div>\n\t\t","protected":false},"excerpt":{"rendered":"<p>JEU DE PISTE (AUTONOME) DISPONIBLE EN FRAN\u00c7AIS, ANGLAIS &amp; N\u00c9ERLANDAIS CLIQUEZ ICI VISITES GUID\u00c9ES UNIQUEMENT EN N\u00c9ERLANDAIS ET EN ANGLAIS CLIQUEZ ICI<\/p>\n","protected":false},"author":1,"featured_media":0,"parent":0,"menu_order":0,"comment_status":"closed","ping_status":"closed","template":"","meta":{"footnotes":""},"class_list":["post-6886","page","type-page","status-publish","hentry"],"blocksy_meta":[],"yoast_head":"<!-- This site is optimized with the Yoast SEO plugin v27.4 - https:\/\/yoast.com\/product\/yoast-seo-wordpress\/ -->\n<title>(Re)d\u00e9couvrir Paris - Wonderoute<\/title>\n<meta name=\"description\" content=\"Jeux de piste autonomes pour d\u00e9couvrir Paris en famille. Adapt\u00e9s aux enfants de 4 \u00e0 12 ans. Jouez, explorez et d\u00e9couvrez les merveilles de Paris.\" \/>\n<meta name=\"robots\" content=\"index, follow, max-snippet:-1, max-image-preview:large, max-video-preview:-1\" \/>\n<link rel=\"canonical\" href=\"https:\/\/wonderoute.com\/fr\/\" \/>\n<meta property=\"og:locale\" content=\"fr_FR\" \/>\n<meta property=\"og:type\" content=\"article\" \/>\n<meta property=\"og:title\" content=\"(Re)d\u00e9couvrir Paris - Wonderoute\" \/>\n<meta property=\"og:description\" content=\"Jeux de piste autonomes pour d\u00e9couvrir Paris en famille. Adapt\u00e9s aux enfants de 4 \u00e0 12 ans. Jouez, explorez et d\u00e9couvrez les merveilles de Paris.\" \/>\n<meta property=\"og:url\" content=\"https:\/\/wonderoute.com\/fr\/\" \/>\n<meta property=\"og:site_name\" content=\"Wonderoute\" \/>\n<meta property=\"article:modified_time\" content=\"2024-11-20T09:13:32+00:00\" \/>\n<meta property=\"og:image\" content=\"https:\/\/wonderoute.com\/wp-content\/uploads\/2024\/02\/Home_H9A1479.jpg\" \/>\n<meta name=\"twitter:card\" content=\"summary_large_image\" \/>\n<meta name=\"twitter:label1\" content=\"Dur\u00e9e de lecture estim\u00e9e\" \/>\n\t<meta name=\"twitter:data1\" content=\"1 minute\" \/>\n<script type=\"application\/ld+json\" class=\"yoast-schema-graph\">{\"@context\":\"https:\\\/\\\/schema.org\",\"@graph\":[{\"@type\":\"WebPage\",\"@id\":\"https:\\\/\\\/wonderoute.com\\\/fr\\\/\",\"url\":\"https:\\\/\\\/wonderoute.com\\\/fr\\\/\",\"name\":\"(Re)d\u00e9couvrir Paris - Wonderoute\",\"isPartOf\":{\"@id\":\"https:\\\/\\\/wonderoute.com\\\/fr\\\/#website\"},\"primaryImageOfPage\":{\"@id\":\"https:\\\/\\\/wonderoute.com\\\/fr\\\/#primaryimage\"},\"image\":{\"@id\":\"https:\\\/\\\/wonderoute.com\\\/fr\\\/#primaryimage\"},\"thumbnailUrl\":\"https:\\\/\\\/wonderoute.com\\\/wp-content\\\/uploads\\\/2024\\\/02\\\/Home_H9A1479.jpg\",\"datePublished\":\"2024-02-27T11:10:14+00:00\",\"dateModified\":\"2024-11-20T09:13:32+00:00\",\"description\":\"Jeux de piste autonomes pour d\u00e9couvrir Paris en famille. Adapt\u00e9s aux enfants de 4 \u00e0 12 ans. Jouez, explorez et d\u00e9couvrez les merveilles de Paris.\",\"breadcrumb\":{\"@id\":\"https:\\\/\\\/wonderoute.com\\\/fr\\\/#breadcrumb\"},\"inLanguage\":\"fr-FR\",\"potentialAction\":[{\"@type\":\"ReadAction\",\"target\":[\"https:\\\/\\\/wonderoute.com\\\/fr\\\/\"]}]},{\"@type\":\"ImageObject\",\"inLanguage\":\"fr-FR\",\"@id\":\"https:\\\/\\\/wonderoute.com\\\/fr\\\/#primaryimage\",\"url\":\"https:\\\/\\\/wonderoute.com\\\/wp-content\\\/uploads\\\/2024\\\/02\\\/Home_H9A1479.jpg\",\"contentUrl\":\"https:\\\/\\\/wonderoute.com\\\/wp-content\\\/uploads\\\/2024\\\/02\\\/Home_H9A1479.jpg\"},{\"@type\":\"BreadcrumbList\",\"@id\":\"https:\\\/\\\/wonderoute.com\\\/fr\\\/#breadcrumb\",\"itemListElement\":[{\"@type\":\"ListItem\",\"position\":1,\"name\":\"Home\",\"item\":\"https:\\\/\\\/wonderoute.com\\\/fr\\\/\"},{\"@type\":\"ListItem\",\"position\":2,\"name\":\"(Re)d\u00e9couvrir Paris\"}]},{\"@type\":\"WebSite\",\"@id\":\"https:\\\/\\\/wonderoute.com\\\/fr\\\/#website\",\"url\":\"https:\\\/\\\/wonderoute.com\\\/fr\\\/\",\"name\":\"Wonderoute\",\"description\":\"Jouez, explorez et d\u00e9couvrez les merveilles de Paris.\",\"publisher\":{\"@id\":\"https:\\\/\\\/wonderoute.com\\\/fr\\\/#organization\"},\"potentialAction\":[{\"@type\":\"SearchAction\",\"target\":{\"@type\":\"EntryPoint\",\"urlTemplate\":\"https:\\\/\\\/wonderoute.com\\\/fr\\\/?s={search_term_string}\"},\"query-input\":{\"@type\":\"PropertyValueSpecification\",\"valueRequired\":true,\"valueName\":\"search_term_string\"}}],\"inLanguage\":\"fr-FR\"},{\"@type\":\"Organization\",\"@id\":\"https:\\\/\\\/wonderoute.com\\\/fr\\\/#organization\",\"name\":\"Wonderoute\",\"url\":\"https:\\\/\\\/wonderoute.com\\\/fr\\\/\",\"logo\":{\"@type\":\"ImageObject\",\"inLanguage\":\"fr-FR\",\"@id\":\"https:\\\/\\\/wonderoute.com\\\/fr\\\/#\\\/schema\\\/logo\\\/image\\\/\",\"url\":\"https:\\\/\\\/wonderoute.com\\\/wp-content\\\/uploads\\\/2023\\\/06\\\/WonderWise_zwart-1.png\",\"contentUrl\":\"https:\\\/\\\/wonderoute.com\\\/wp-content\\\/uploads\\\/2023\\\/06\\\/WonderWise_zwart-1.png\",\"width\":1770,\"height\":1690,\"caption\":\"Wonderoute\"},\"image\":{\"@id\":\"https:\\\/\\\/wonderoute.com\\\/fr\\\/#\\\/schema\\\/logo\\\/image\\\/\"}}]}<\/script>\n<!-- \/ Yoast SEO plugin. -->","yoast_head_json":{"title":"(Re)d\u00e9couvrir Paris - Wonderoute","description":"Jeux de piste autonomes pour d\u00e9couvrir Paris en famille. Adapt\u00e9s aux enfants de 4 \u00e0 12 ans. Jouez, explorez et d\u00e9couvrez les merveilles de Paris.","robots":{"index":"index","follow":"follow","max-snippet":"max-snippet:-1","max-image-preview":"max-image-preview:large","max-video-preview":"max-video-preview:-1"},"canonical":"https:\/\/wonderoute.com\/fr\/","og_locale":"fr_FR","og_type":"article","og_title":"(Re)d\u00e9couvrir Paris - Wonderoute","og_description":"Jeux de piste autonomes pour d\u00e9couvrir Paris en famille. Adapt\u00e9s aux enfants de 4 \u00e0 12 ans. Jouez, explorez et d\u00e9couvrez les merveilles de Paris.","og_url":"https:\/\/wonderoute.com\/fr\/","og_site_name":"Wonderoute","article_modified_time":"2024-11-20T09:13:32+00:00","og_image":[{"url":"https:\/\/wonderoute.com\/wp-content\/uploads\/2024\/02\/Home_H9A1479.jpg","type":"","width":"","height":""}],"twitter_card":"summary_large_image","twitter_misc":{"Dur\u00e9e de lecture estim\u00e9e":"1 minute"},"schema":{"@context":"https:\/\/schema.org","@graph":[{"@type":"WebPage","@id":"https:\/\/wonderoute.com\/fr\/","url":"https:\/\/wonderoute.com\/fr\/","name":"(Re)d\u00e9couvrir Paris - Wonderoute","isPartOf":{"@id":"https:\/\/wonderoute.com\/fr\/#website"},"primaryImageOfPage":{"@id":"https:\/\/wonderoute.com\/fr\/#primaryimage"},"image":{"@id":"https:\/\/wonderoute.com\/fr\/#primaryimage"},"thumbnailUrl":"https:\/\/wonderoute.com\/wp-content\/uploads\/2024\/02\/Home_H9A1479.jpg","datePublished":"2024-02-27T11:10:14+00:00","dateModified":"2024-11-20T09:13:32+00:00","description":"Jeux de piste autonomes pour d\u00e9couvrir Paris en famille. Adapt\u00e9s aux enfants de 4 \u00e0 12 ans. Jouez, explorez et d\u00e9couvrez les merveilles de Paris.","breadcrumb":{"@id":"https:\/\/wonderoute.com\/fr\/#breadcrumb"},"inLanguage":"fr-FR","potentialAction":[{"@type":"ReadAction","target":["https:\/\/wonderoute.com\/fr\/"]}]},{"@type":"ImageObject","inLanguage":"fr-FR","@id":"https:\/\/wonderoute.com\/fr\/#primaryimage","url":"https:\/\/wonderoute.com\/wp-content\/uploads\/2024\/02\/Home_H9A1479.jpg","contentUrl":"https:\/\/wonderoute.com\/wp-content\/uploads\/2024\/02\/Home_H9A1479.jpg"},{"@type":"BreadcrumbList","@id":"https:\/\/wonderoute.com\/fr\/#breadcrumb","itemListElement":[{"@type":"ListItem","position":1,"name":"Home","item":"https:\/\/wonderoute.com\/fr\/"},{"@type":"ListItem","position":2,"name":"(Re)d\u00e9couvrir Paris"}]},{"@type":"WebSite","@id":"https:\/\/wonderoute.com\/fr\/#website","url":"https:\/\/wonderoute.com\/fr\/","name":"Wonderoute","description":"Jouez, explorez et d\u00e9couvrez les merveilles de Paris.","publisher":{"@id":"https:\/\/wonderoute.com\/fr\/#organization"},"potentialAction":[{"@type":"SearchAction","target":{"@type":"EntryPoint","urlTemplate":"https:\/\/wonderoute.com\/fr\/?s={search_term_string}"},"query-input":{"@type":"PropertyValueSpecification","valueRequired":true,"valueName":"search_term_string"}}],"inLanguage":"fr-FR"},{"@type":"Organization","@id":"https:\/\/wonderoute.com\/fr\/#organization","name":"Wonderoute","url":"https:\/\/wonderoute.com\/fr\/","logo":{"@type":"ImageObject","inLanguage":"fr-FR","@id":"https:\/\/wonderoute.com\/fr\/#\/schema\/logo\/image\/","url":"https:\/\/wonderoute.com\/wp-content\/uploads\/2023\/06\/WonderWise_zwart-1.png","contentUrl":"https:\/\/wonderoute.com\/wp-content\/uploads\/2023\/06\/WonderWise_zwart-1.png","width":1770,"height":1690,"caption":"Wonderoute"},"image":{"@id":"https:\/\/wonderoute.com\/fr\/#\/schema\/logo\/image\/"}}]}},"_links":{"self":[{"href":"https:\/\/wonderoute.com\/fr\/wp-json\/wp\/v2\/pages\/6886","targetHints":{"allow":["GET"]}}],"collection":[{"href":"https:\/\/wonderoute.com\/fr\/wp-json\/wp\/v2\/pages"}],"about":[{"href":"https:\/\/wonderoute.com\/fr\/wp-json\/wp\/v2\/types\/page"}],"author":[{"embeddable":true,"href":"https:\/\/wonderoute.com\/fr\/wp-json\/wp\/v2\/users\/1"}],"replies":[{"embeddable":true,"href":"https:\/\/wonderoute.com\/fr\/wp-json\/wp\/v2\/comments?post=6886"}],"version-history":[{"count":0,"href":"https:\/\/wonderoute.com\/fr\/wp-json\/wp\/v2\/pages\/6886\/revisions"}],"wp:attachment":[{"href":"https:\/\/wonderoute.com\/fr\/wp-json\/wp\/v2\/media?parent=6886"}],"curies":[{"name":"wp","href":"https:\/\/api.w.org\/{rel}","templated":true}]}}